{"id":473,"date":"2021-07-19T18:07:42","date_gmt":"2021-07-19T18:07:42","guid":{"rendered":"https:\/\/nordicgoods.eu\/?page_id=473"},"modified":"2021-08-19T23:15:33","modified_gmt":"2021-08-19T23:15:33","slug":"the-science-behind-our-products","status":"publish","type":"page","link":"https:\/\/nordicgoods.eu\/et\/the-science-behind-our-products\/","title":{"rendered":"Teadus meie toodete taga"},"content":{"rendered":"<div class=\"wp-block-columns is-layout-flex wp-container-core-columns-is-layout-28f84493 wp-block-columns-is-layout-flex\">\n<div class=\"wp-block-column is-layout-flow wp-block-column-is-layout-flow\">\n<figure class=\"wp-block-image size-large\"><img loading=\"lazy\" decoding=\"async\" width=\"1024\" height=\"681\" src=\"https:\/\/nordicgoods.eu\/wp-content\/uploads\/2021\/06\/24931766992_3e4f9cd7c3_o-1024x681.jpg\" alt=\"\" class=\"wp-image-162\" srcset=\"https:\/\/nordicgoods.eu\/wp-content\/uploads\/2021\/06\/24931766992_3e4f9cd7c3_o-1024x681.jpg 1024w, https:\/\/nordicgoods.eu\/wp-content\/uploads\/2021\/06\/24931766992_3e4f9cd7c3_o-600x399.jpg 600w, https:\/\/nordicgoods.eu\/wp-content\/uploads\/2021\/06\/24931766992_3e4f9cd7c3_o-300x200.jpg 300w, https:\/\/nordicgoods.eu\/wp-content\/uploads\/2021\/06\/24931766992_3e4f9cd7c3_o-768x511.jpg 768w, https:\/\/nordicgoods.eu\/wp-content\/uploads\/2021\/06\/24931766992_3e4f9cd7c3_o-1536x1021.jpg 1536w, https:\/\/nordicgoods.eu\/wp-content\/uploads\/2021\/06\/24931766992_3e4f9cd7c3_o.jpg 1600w\" sizes=\"auto, (max-width: 1024px) 100vw, 1024px\" \/><\/figure>\n<\/div>\n\n\n\n<div class=\"wp-block-column is-layout-flow wp-block-column-is-layout-flow\">\n<p>Aastal 2009 avaldas prof dr Uwe Wollina teadusliku artikli turba kasulike omaduste kohta nahale (Journal of Cuthane and Aesthetic Surgery). Teadusartikli sissejuhatuses mainib professor, turba kasutamise pikkadest traditsioonidest spaameditsiinis ja reumatoloogias.<br>Kui sellistes tingimustes kasutatakse enamasti toorturvast, siis turbaekstraktid ja isoleeritud humiinsed ained pakuvad dermatoloogia ja kosmeetika vastu suuremat huvi. Selle artikli m\u00e4rks\u00f5nad olid fulvohapped , humiinsed ained ja turvas.<br>T\u00e4ispikkuses teadusartiklit on v\u00f5imalik lugeda ajakirjas Journal of Cuthane and Esteetical Surgery prof Uwe Wollina \u201eTurvas: looduslik allikas dermatokosmeetikale ja dermatoteraapiale\u201c:  https:\/\/www.ncbi.nlm.nih.gov\/pmc\/articles\/PMC2840924\/#CIT17&nbsp;<a href=\"https:\/\/www.ncbi.nlm.nih.gov\/pmc\/articles\/PMC2840924\/#CIT17\" target=\"_blank\" rel=\"noreferrer noopener\">https:\/\/www.ncbi.nlm.nih.gov\/pmc\/articles\/PMC2840924\/#CIT17<\/a><\/p>\n<\/div>\n<\/div>","protected":false},"excerpt":{"rendered":"<p>In 2009 Prof. Dr. Uwe Wollina has published a scientific article on the beneficial properties of peat for the skin (Journal of Cutaneous and Aesthetic Surgery). In his introduction to the science article, the Professor mentions that the use of peat has a long tradition in spa medicine and rheumatology.Whereas complete peat is mostly used [&hellip;]<\/p>\n","protected":false},"author":1,"featured_media":0,"parent":0,"menu_order":0,"comment_status":"closed","ping_status":"closed","template":"","meta":{"_acf_changed":false,"site-sidebar-layout":"default","site-content-layout":"default","ast-site-content-layout":"default","site-content-style":"default","site-sidebar-style":"default","ast-global-header-display":"","ast-banner-title-visibility":"","ast-main-header-display":"","ast-hfb-above-header-display":"","ast-hfb-below-header-display":"","ast-hfb-mobile-header-display":"","site-post-title":"","ast-breadcrumbs-content":"","ast-featured-img":"","footer-sml-layout":"","ast-disable-related-posts":"","theme-transparent-header-meta":"default","adv-header-id-meta":"","stick-header-meta":"","header-above-stick-meta":"","header-main-stick-meta":"","header-below-stick-meta":"","astra-migrate-meta-layouts":"default","ast-page-background-enabled":"default","ast-page-background-meta":{"desktop":{"background-color":"","background-image":"","background-repeat":"repeat","background-position":"center center","background-size":"auto","background-attachment":"scroll","background-type":"","background-media":"","overlay-type":"","overlay-color":"","overlay-opacity":"","overlay-gradient":""},"tablet":{"background-color":"","background-image":"","background-repeat":"repeat","background-position":"center center","background-size":"auto","background-attachment":"scroll","background-type":"","background-media":"","overlay-type":"","overlay-color":"","overlay-opacity":"","overlay-gradient":""},"mobile":{"background-color":"","background-image":"","background-repeat":"repeat","background-position":"center center","background-size":"auto","background-attachment":"scroll","background-type":"","background-media":"","overlay-type":"","overlay-color":"","overlay-opacity":"","overlay-gradient":""}},"ast-content-background-meta":{"desktop":{"background-color":"var(--ast-global-color-5)","background-image":"","background-repeat":"repeat","background-position":"center center","background-size":"auto","background-attachment":"scroll","background-type":"","background-media":"","overlay-type":"","overlay-color":"","overlay-opacity":"","overlay-gradient":""},"tablet":{"background-color":"var(--ast-global-color-5)","background-image":"","background-repeat":"repeat","background-position":"center center","background-size":"auto","background-attachment":"scroll","background-type":"","background-media":"","overlay-type":"","overlay-color":"","overlay-opacity":"","overlay-gradient":""},"mobile":{"background-color":"var(--ast-global-color-5)","background-image":"","background-repeat":"repeat","background-position":"center center","background-size":"auto","background-attachment":"scroll","background-type":"","background-media":"","overlay-type":"","overlay-color":"","overlay-opacity":"","overlay-gradient":""}},"footnotes":""},"class_list":["post-473","page","type-page","status-publish","hentry"],"acf":[],"_links":{"self":[{"href":"https:\/\/nordicgoods.eu\/et\/wp-json\/wp\/v2\/pages\/473","targetHints":{"allow":["GET"]}}],"collection":[{"href":"https:\/\/nordicgoods.eu\/et\/wp-json\/wp\/v2\/pages"}],"about":[{"href":"https:\/\/nordicgoods.eu\/et\/wp-json\/wp\/v2\/types\/page"}],"author":[{"embeddable":true,"href":"https:\/\/nordicgoods.eu\/et\/wp-json\/wp\/v2\/users\/1"}],"replies":[{"embeddable":true,"href":"https:\/\/nordicgoods.eu\/et\/wp-json\/wp\/v2\/comments?post=473"}],"version-history":[{"count":3,"href":"https:\/\/nordicgoods.eu\/et\/wp-json\/wp\/v2\/pages\/473\/revisions"}],"predecessor-version":[{"id":674,"href":"https:\/\/nordicgoods.eu\/et\/wp-json\/wp\/v2\/pages\/473\/revisions\/674"}],"wp:attachment":[{"href":"https:\/\/nordicgoods.eu\/et\/wp-json\/wp\/v2\/media?parent=473"}],"curies":[{"name":"wp","href":"https:\/\/api.w.org\/{rel}","templated":true}]}}