{"id":623,"date":"2021-08-02T12:34:02","date_gmt":"2021-08-02T12:34:02","guid":{"rendered":"https:\/\/nordicgoods.eu\/?page_id=623"},"modified":"2021-08-19T23:09:40","modified_gmt":"2021-08-19T23:09:40","slug":"restore-your-natural-glow","status":"publish","type":"page","link":"https:\/\/nordicgoods.eu\/et\/restore-your-natural-glow\/","title":{"rendered":"Taasta enda loomulik s\u00e4ra"},"content":{"rendered":"<div class=\"wp-block-columns is-layout-flex wp-container-core-columns-is-layout-28f84493 wp-block-columns-is-layout-flex\">\n<div class=\"wp-block-column is-layout-flow wp-block-column-is-layout-flow\">\n<figure class=\"wp-block-image size-large\"><img loading=\"lazy\" decoding=\"async\" width=\"1024\" height=\"683\" src=\"https:\/\/nordicgoods.eu\/wp-content\/uploads\/2021\/07\/IMG_4219a-1024x683.jpg\" alt=\"\" class=\"wp-image-611\" srcset=\"https:\/\/www.nordicgoods.eu\/wp-content\/uploads\/2021\/07\/IMG_4219a-1024x683.jpg 1024w, https:\/\/www.nordicgoods.eu\/wp-content\/uploads\/2021\/07\/IMG_4219a-300x200.jpg 300w, https:\/\/www.nordicgoods.eu\/wp-content\/uploads\/2021\/07\/IMG_4219a-768x512.jpg 768w, https:\/\/www.nordicgoods.eu\/wp-content\/uploads\/2021\/07\/IMG_4219a-600x400.jpg 600w, https:\/\/www.nordicgoods.eu\/wp-content\/uploads\/2021\/07\/IMG_4219a.jpg 1500w\" sizes=\"auto, (max-width: 1024px) 100vw, 1024px\" \/><\/figure>\n<\/div>\n\n\n\n<div class=\"wp-block-column is-layout-flow wp-block-column-is-layout-flow\">\n<p>Kas soovite taastada enda loomuliku s\u00e4ra? Kes meist poleks peeglisse vaadanud ja avastanud, et nahk on muutunud tuhmiks ja kuivaks. N\u00e4o naha loomuliku s\u00e4ra aitab taastada loodusliku rabavee baasil valmistatud tootesarja \u201crabalik\u00f5\u201d tooted. Piserdage n\u00e4ovesi vatipadjakestele ja puhastage nahk enne kreemide ja meigi kasutamist. P\u00e4rast toote kasutamist laske n\u00e4onahal kuivada ja puhata m\u00f5nda aega. Tooniku asemel v\u00f5ib kasutada ka niiskeid salvr\u00e4tikuid. Parima tulemuse saavutamiseks kasutage igap\u00e4evaselt \u201crabalik\u00f5\u201d tooteid. Teie naha loomulik niiskustasakaal taastub, nahk tundub pehme ja paraneb loomulik jume. Tutvu k\u00f5igi Rabalik\u00f5 toodetega Nordic Goods veebipoes ja telli mugavalt kodust lahkumata.<\/p>\n<\/div>\n<\/div>","protected":false},"excerpt":{"rendered":"<p>Want to restore your natural glow? Who hasn&#8217;t looked in the mirror and discovered that skin is dull and dry. The healthy glow of the face helps to restore products from the productline &#8220;rabalik\u00f5&#8221; which is based on natural peat water. Spray the facial toner on the cotton pads and clean your skin before using [&hellip;]<\/p>","protected":false},"author":1,"featured_media":0,"parent":0,"menu_order":0,"comment_status":"closed","ping_status":"closed","template":"","meta":{"_acf_changed":false,"site-sidebar-layout":"default","site-content-layout":"default","ast-site-content-layout":"default","site-content-style":"default","site-sidebar-style":"default","ast-global-header-display":"","ast-banner-title-visibility":"","ast-main-header-display":"","ast-hfb-above-header-display":"","ast-hfb-below-header-display":"","ast-hfb-mobile-header-display":"","site-post-title":"","ast-breadcrumbs-content":"","ast-featured-img":"","footer-sml-layout":"","ast-disable-related-posts":"","theme-transparent-header-meta":"default","adv-header-id-meta":"","stick-header-meta":"","header-above-stick-meta":"","header-main-stick-meta":"","header-below-stick-meta":"","astra-migrate-meta-layouts":"default","ast-page-background-enabled":"default","ast-page-background-meta":{"desktop":{"background-color":"","background-image":"","background-repeat":"repeat","background-position":"center center","background-size":"auto","background-attachment":"scroll","background-type":"","background-media":"","overlay-type":"","overlay-color":"","overlay-opacity":"","overlay-gradient":""},"tablet":{"background-color":"","background-image":"","background-repeat":"repeat","background-position":"center center","background-size":"auto","background-attachment":"scroll","background-type":"","background-media":"","overlay-type":"","overlay-color":"","overlay-opacity":"","overlay-gradient":""},"mobile":{"background-color":"","background-image":"","background-repeat":"repeat","background-position":"center center","background-size":"auto","background-attachment":"scroll","background-type":"","background-media":"","overlay-type":"","overlay-color":"","overlay-opacity":"","overlay-gradient":""}},"ast-content-background-meta":{"desktop":{"background-color":"var(--ast-global-color-5)","background-image":"","background-repeat":"repeat","background-position":"center center","background-size":"auto","background-attachment":"scroll","background-type":"","background-media":"","overlay-type":"","overlay-color":"","overlay-opacity":"","overlay-gradient":""},"tablet":{"background-color":"var(--ast-global-color-5)","background-image":"","background-repeat":"repeat","background-position":"center center","background-size":"auto","background-attachment":"scroll","background-type":"","background-media":"","overlay-type":"","overlay-color":"","overlay-opacity":"","overlay-gradient":""},"mobile":{"background-color":"var(--ast-global-color-5)","background-image":"","background-repeat":"repeat","background-position":"center center","background-size":"auto","background-attachment":"scroll","background-type":"","background-media":"","overlay-type":"","overlay-color":"","overlay-opacity":"","overlay-gradient":""}},"footnotes":""},"class_list":["post-623","page","type-page","status-publish","hentry"],"acf":[],"_links":{"self":[{"href":"https:\/\/nordicgoods.eu\/et\/wp-json\/wp\/v2\/pages\/623","targetHints":{"allow":["GET"]}}],"collection":[{"href":"https:\/\/nordicgoods.eu\/et\/wp-json\/wp\/v2\/pages"}],"about":[{"href":"https:\/\/nordicgoods.eu\/et\/wp-json\/wp\/v2\/types\/page"}],"author":[{"embeddable":true,"href":"https:\/\/nordicgoods.eu\/et\/wp-json\/wp\/v2\/users\/1"}],"replies":[{"embeddable":true,"href":"https:\/\/nordicgoods.eu\/et\/wp-json\/wp\/v2\/comments?post=623"}],"version-history":[{"count":2,"href":"https:\/\/nordicgoods.eu\/et\/wp-json\/wp\/v2\/pages\/623\/revisions"}],"predecessor-version":[{"id":672,"href":"https:\/\/nordicgoods.eu\/et\/wp-json\/wp\/v2\/pages\/623\/revisions\/672"}],"wp:attachment":[{"href":"https:\/\/nordicgoods.eu\/et\/wp-json\/wp\/v2\/media?parent=623"}],"curies":[{"name":"wp","href":"https:\/\/api.w.org\/{rel}","templated":true}]}}