{"id":198,"date":"2021-06-27T23:22:33","date_gmt":"2021-06-27T23:22:33","guid":{"rendered":"https:\/\/nordicgoods.eu\/?post_type=product&#038;p=198"},"modified":"2026-01-14T18:53:46","modified_gmt":"2026-01-14T18:53:46","slug":"rabaliko-bio-peatwater-skincare-toner-sensitive","status":"publish","type":"product","link":"https:\/\/nordicgoods.eu\/et\/shop\/rabaliko-bio-peatwater-skincare-toner-sensitive\/","title":{"rendered":"Rabalik\u00f5 rabavee nahatoonik tundlikule nahale 100ml"},"content":{"rendered":"<p>Rabalik\u00f5 rabavee nahatoonik normaalsele nahale 100ml pudelis<br \/>\nRabalik\u00f5 Bio PeatWater skincare toner sensitive cleanses, moisturizes and refreshes the skin. pH &lt; 6,5<\/p>\n<p>Kasutage seda 2-3 korda p\u00e4evas, pihustades toodet vatipadjale. Parima efekti saate, kui<br \/>\nkasutate p\u00e4rast meigieemaldajat ja enne p\u00e4eva- v\u00f5i \u00f6\u00f6kreemi. P\u00e4rast tooniku pealekandmist ja enne n\u00e4okreemi kasutamist<br \/>\nlaske enda nahal 30 minutit puhata.<br \/>\nToode on vaba parabeenidest, silikoonidest, mineraal\u00f5lidest, PEG -dest, s\u00fcnteetilistest l\u00f5hna- ja<br \/>\nv\u00e4rvained. Alkoholi pole lisatud. Toode on m\u00f5eldud ainult v\u00e4lispidiseks kasutamiseks.<br \/>\nKoostis: 99,25% Rabavesi (Sisaldab k\u00f5iki looduslikke koostisosi : Humiin- ja fulvohappeid.<br \/>\nsteroole, rasvhappeid ja mineraale)<br \/>\nToode on mikrobioloogiliselt ja dermatoloogiliselt testitud.<\/p>","protected":false},"excerpt":{"rendered":"<p>Rabalik\u00f5 Rabavee nahatoonik Tundlikule nahale 100 ml pudelis.<br \/>\nRabalik\u00f5 Rabavee nahatoonik tundlikule nahale puhastab, niisutab ja v\u00e4rskendab teie nahka. Tootel on antibakteriaalne toime. pH tase &lt;6,5.<br \/>\nKoostis: Filtreeritud looduslik rabavesi, fenoks\u00fcetanool.<\/p>","protected":false},"featured_media":837,"template":"","meta":{"_acf_changed":false,"site-sidebar-layout":"default","site-content-layout":"default","ast-site-content-layout":"default","site-content-style":"default","site-sidebar-style":"default","ast-global-header-display":"","ast-banner-title-visibility":"","ast-main-header-display":"","ast-hfb-above-header-display":"","ast-hfb-below-header-display":"","ast-hfb-mobile-header-display":"","site-post-title":"","ast-breadcrumbs-content":"","ast-featured-img":"","footer-sml-layout":"","ast-disable-related-posts":"","theme-transparent-header-meta":"default","adv-header-id-meta":"","stick-header-meta":"","header-above-stick-meta":"","header-main-stick-meta":"","header-below-stick-meta":"","astra-migrate-meta-layouts":"set","ast-page-background-enabled":"default","ast-page-background-meta":{"desktop":{"background-color":"","background-image":"","background-repeat":"repeat","background-position":"center center","background-size":"auto","background-attachment":"scroll","background-type":"","background-media":"","overlay-type":"","overlay-color":"","overlay-opacity":"","overlay-gradient":""},"tablet":{"background-color":"","background-image":"","background-repeat":"repeat","background-position":"center center","background-size":"auto","background-attachment":"scroll","background-type":"","background-media":"","overlay-type":"","overlay-color":"","overlay-opacity":"","overlay-gradient":""},"mobile":{"background-color":"","background-image":"","background-repeat":"repeat","background-position":"center center","background-size":"auto","background-attachment":"scroll","background-type":"","background-media":"","overlay-type":"","overlay-color":"","overlay-opacity":"","overlay-gradient":""}},"ast-content-background-meta":{"desktop":{"background-color":"var(--ast-global-color-5)","background-image":"","background-repeat":"repeat","background-position":"center center","background-size":"auto","background-attachment":"scroll","background-type":"","background-media":"","overlay-type":"","overlay-color":"","overlay-opacity":"","overlay-gradient":""},"tablet":{"background-color":"var(--ast-global-color-5)","background-image":"","background-repeat":"repeat","background-position":"center center","background-size":"auto","background-attachment":"scroll","background-type":"","background-media":"","overlay-type":"","overlay-color":"","overlay-opacity":"","overlay-gradient":""},"mobile":{"background-color":"var(--ast-global-color-5)","background-image":"","background-repeat":"repeat","background-position":"center center","background-size":"auto","background-attachment":"scroll","background-type":"","background-media":"","overlay-type":"","overlay-color":"","overlay-opacity":"","overlay-gradient":""}}},"product_brand":[],"product_cat":[22],"product_tag":[20,19,18,26],"class_list":{"0":"post-198","1":"product","2":"type-product","3":"status-publish","4":"has-post-thumbnail","6":"product_cat-sensitive-skintype","7":"product_tag-anti-aging","8":"product_tag-facial-tonic","9":"product_tag-natural-skincare","10":"product_tag-sensitive-skintype","11":"desktop-align-left","12":"tablet-align-left","13":"mobile-align-left","15":"first","16":"outofstock","17":"taxable","18":"shipping-taxable","19":"product-type-simple"},"acf":[],"_links":{"self":[{"href":"https:\/\/nordicgoods.eu\/et\/wp-json\/wp\/v2\/product\/198","targetHints":{"allow":["GET"]}}],"collection":[{"href":"https:\/\/nordicgoods.eu\/et\/wp-json\/wp\/v2\/product"}],"about":[{"href":"https:\/\/nordicgoods.eu\/et\/wp-json\/wp\/v2\/types\/product"}],"wp:featuredmedia":[{"embeddable":true,"href":"https:\/\/nordicgoods.eu\/et\/wp-json\/wp\/v2\/media\/837"}],"wp:attachment":[{"href":"https:\/\/nordicgoods.eu\/et\/wp-json\/wp\/v2\/media?parent=198"}],"wp:term":[{"taxonomy":"product_brand","embeddable":true,"href":"https:\/\/nordicgoods.eu\/et\/wp-json\/wp\/v2\/product_brand?post=198"},{"taxonomy":"product_cat","embeddable":true,"href":"https:\/\/nordicgoods.eu\/et\/wp-json\/wp\/v2\/product_cat?post=198"},{"taxonomy":"product_tag","embeddable":true,"href":"https:\/\/nordicgoods.eu\/et\/wp-json\/wp\/v2\/product_tag?post=198"}],"curies":[{"name":"wp","href":"https:\/\/api.w.org\/{rel}","templated":true}]}}