{"id":199,"date":"2021-06-27T23:37:51","date_gmt":"2021-06-27T23:37:51","guid":{"rendered":"https:\/\/nordicgoods.eu\/?post_type=product&#038;p=199"},"modified":"2026-01-14T18:53:19","modified_gmt":"2026-01-14T18:53:19","slug":"rabaliko-bio-peatwater-wet-wipes","status":"publish","type":"product","link":"https:\/\/nordicgoods.eu\/et\/shop\/rabaliko-bio-peatwater-wet-wipes\/","title":{"rendered":"Rabalik\u00f5 Rabavee niisked salvr\u00e4tikud 24tk."},"content":{"rendered":"<p>Rabalik\u00f5 Rabavee niisked salvr\u00e4tikud normaalsele nahale (24 tk pakendis).<br \/>\nRabalik\u00f5 Bio PeatWater wet wipes cleanses, moisturizes and refreshes the skin. pH &lt; 5,5.<br \/>\nCan be used all over the body. Use it 2-3 times a day after the sport activities or before<br \/>\neating in the outdoors.<br \/>\nToode on vaba parabeenidest, silikoonidest, mineraal\u00f5lidest, PEG -dest, s\u00fcnteetilistest l\u00f5hna- ja<br \/>\ncolourants. There is no alcohol added.<br \/>\nIngredients: 99,25% Bio PeatWater (all naturals ingredients: Humid and Fulvic acids, Sterols,<br \/>\nrasvhapped ja mineraalid), naatriumbensoaat.<br \/>\nToode on mikrobioloogiliselt ja dermatoloogiliselt testitud.<\/p>","protected":false},"excerpt":{"rendered":"<p>Rabalik\u00f5 Rabavee niisked salvr\u00e4tikud normaalsele nahale (24 tk pakendis)<br \/>\nRabalik\u00f5 Bio PeatWater wet wipes cleanses, moisturizes and refreshes the skin. Product has antibacterial impact. pH &lt; 5,5.<br \/>\nIngredients: Filtered natural peatwater, Na-bensoate.<\/p>","protected":false},"featured_media":246,"template":"","meta":{"_acf_changed":false,"site-sidebar-layout":"default","site-content-layout":"default","ast-site-content-layout":"default","site-content-style":"default","site-sidebar-style":"default","ast-global-header-display":"","ast-banner-title-visibility":"","ast-main-header-display":"","ast-hfb-above-header-display":"","ast-hfb-below-header-display":"","ast-hfb-mobile-header-display":"","site-post-title":"","ast-breadcrumbs-content":"","ast-featured-img":"","footer-sml-layout":"","ast-disable-related-posts":"","theme-transparent-header-meta":"default","adv-header-id-meta":"","stick-header-meta":"","header-above-stick-meta":"","header-main-stick-meta":"","header-below-stick-meta":"","astra-migrate-meta-layouts":"set","ast-page-background-enabled":"default","ast-page-background-meta":{"desktop":{"background-color":"","background-image":"","background-repeat":"repeat","background-position":"center center","background-size":"auto","background-attachment":"scroll","background-type":"","background-media":"","overlay-type":"","overlay-color":"","overlay-opacity":"","overlay-gradient":""},"tablet":{"background-color":"","background-image":"","background-repeat":"repeat","background-position":"center center","background-size":"auto","background-attachment":"scroll","background-type":"","background-media":"","overlay-type":"","overlay-color":"","overlay-opacity":"","overlay-gradient":""},"mobile":{"background-color":"","background-image":"","background-repeat":"repeat","background-position":"center center","background-size":"auto","background-attachment":"scroll","background-type":"","background-media":"","overlay-type":"","overlay-color":"","overlay-opacity":"","overlay-gradient":""}},"ast-content-background-meta":{"desktop":{"background-color":"var(--ast-global-color-5)","background-image":"","background-repeat":"repeat","background-position":"center center","background-size":"auto","background-attachment":"scroll","background-type":"","background-media":"","overlay-type":"","overlay-color":"","overlay-opacity":"","overlay-gradient":""},"tablet":{"background-color":"var(--ast-global-color-5)","background-image":"","background-repeat":"repeat","background-position":"center center","background-size":"auto","background-attachment":"scroll","background-type":"","background-media":"","overlay-type":"","overlay-color":"","overlay-opacity":"","overlay-gradient":""},"mobile":{"background-color":"var(--ast-global-color-5)","background-image":"","background-repeat":"repeat","background-position":"center center","background-size":"auto","background-attachment":"scroll","background-type":"","background-media":"","overlay-type":"","overlay-color":"","overlay-opacity":"","overlay-gradient":""}}},"product_brand":[],"product_cat":[17],"product_tag":[20,18,21],"class_list":{"0":"post-199","1":"product","2":"type-product","3":"status-publish","4":"has-post-thumbnail","6":"product_cat-normal-skintype","7":"product_tag-anti-aging","8":"product_tag-natural-skincare","9":"product_tag-wet-wipes","10":"desktop-align-left","11":"tablet-align-left","12":"mobile-align-left","14":"first","15":"outofstock","16":"taxable","17":"shipping-taxable","18":"product-type-simple"},"acf":[],"_links":{"self":[{"href":"https:\/\/nordicgoods.eu\/et\/wp-json\/wp\/v2\/product\/199","targetHints":{"allow":["GET"]}}],"collection":[{"href":"https:\/\/nordicgoods.eu\/et\/wp-json\/wp\/v2\/product"}],"about":[{"href":"https:\/\/nordicgoods.eu\/et\/wp-json\/wp\/v2\/types\/product"}],"wp:featuredmedia":[{"embeddable":true,"href":"https:\/\/nordicgoods.eu\/et\/wp-json\/wp\/v2\/media\/246"}],"wp:attachment":[{"href":"https:\/\/nordicgoods.eu\/et\/wp-json\/wp\/v2\/media?parent=199"}],"wp:term":[{"taxonomy":"product_brand","embeddable":true,"href":"https:\/\/nordicgoods.eu\/et\/wp-json\/wp\/v2\/product_brand?post=199"},{"taxonomy":"product_cat","embeddable":true,"href":"https:\/\/nordicgoods.eu\/et\/wp-json\/wp\/v2\/product_cat?post=199"},{"taxonomy":"product_tag","embeddable":true,"href":"https:\/\/nordicgoods.eu\/et\/wp-json\/wp\/v2\/product_tag?post=199"}],"curies":[{"name":"wp","href":"https:\/\/api.w.org\/{rel}","templated":true}]}}