{"id":204,"date":"2021-06-28T00:31:48","date_gmt":"2021-06-28T00:31:48","guid":{"rendered":"https:\/\/nordicgoods.eu\/?post_type=product&#038;p=204"},"modified":"2026-01-14T18:52:50","modified_gmt":"2026-01-14T18:52:50","slug":"rabaliko-bio-peatwater-wet-wipes-sensitive-24pcs","status":"publish","type":"product","link":"https:\/\/nordicgoods.eu\/et\/shop\/rabaliko-bio-peatwater-wet-wipes-sensitive-24pcs\/","title":{"rendered":"Rabalik\u00f5 Rabavee niisked salvr\u00e4tikud tundlikule nahale24tk"},"content":{"rendered":"<p>Rabalik\u00f5 Rabavee niisked salvr\u00e4tikud tundlikule nahale (24 tk pakendis).<br \/>\nRabalik\u00f5 Bio PeatWater wet wipes cleanses, moisturizes and refreshes the skin. pH &lt; 6,5<br \/>\nCan be used all over the body. Use it 2-3 times a day after the sport activities or before<br \/>\neating in the outdoors.<br \/>\nToode on vaba parabeenidest, silikoonidest, mineraal\u00f5lidest, PEG -dest, s\u00fcnteetilistest l\u00f5hna- ja<br \/>\ncolourants. There is no alcohol added.<br \/>\nIngredients: 99,10% Bio PeatWater (all naturals ingredients: Humid and Fulvic acids, Sterols,<br \/>\nFatty acids and Minerals), Phenoxyethanol.<br \/>\nToode on mikrobioloogiliselt ja dermatoloogiliselt testitud.<\/p>","protected":false},"excerpt":{"rendered":"<p>Rabalik\u00f5 Bio PeatWater wet wipes sensitive skintype (24 pcs in the package). Bio PeatWater wet wipes cleanses, moisturizes and refreshes the skin. Product has antibacterial impact. pH &lt; 6,5.<br \/>\nFiltered natural peatwater, Phenoxyethanol.<\/p>","protected":false},"featured_media":251,"template":"","meta":{"_acf_changed":false,"site-sidebar-layout":"default","site-content-layout":"default","ast-site-content-layout":"default","site-content-style":"default","site-sidebar-style":"default","ast-global-header-display":"","ast-banner-title-visibility":"","ast-main-header-display":"","ast-hfb-above-header-display":"","ast-hfb-below-header-display":"","ast-hfb-mobile-header-display":"","site-post-title":"","ast-breadcrumbs-content":"","ast-featured-img":"","footer-sml-layout":"","ast-disable-related-posts":"","theme-transparent-header-meta":"default","adv-header-id-meta":"","stick-header-meta":"","header-above-stick-meta":"","header-main-stick-meta":"","header-below-stick-meta":"","astra-migrate-meta-layouts":"set","ast-page-background-enabled":"default","ast-page-background-meta":{"desktop":{"background-color":"","background-image":"","background-repeat":"repeat","background-position":"center center","background-size":"auto","background-attachment":"scroll","background-type":"","background-media":"","overlay-type":"","overlay-color":"","overlay-opacity":"","overlay-gradient":""},"tablet":{"background-color":"","background-image":"","background-repeat":"repeat","background-position":"center center","background-size":"auto","background-attachment":"scroll","background-type":"","background-media":"","overlay-type":"","overlay-color":"","overlay-opacity":"","overlay-gradient":""},"mobile":{"background-color":"","background-image":"","background-repeat":"repeat","background-position":"center center","background-size":"auto","background-attachment":"scroll","background-type":"","background-media":"","overlay-type":"","overlay-color":"","overlay-opacity":"","overlay-gradient":""}},"ast-content-background-meta":{"desktop":{"background-color":"var(--ast-global-color-5)","background-image":"","background-repeat":"repeat","background-position":"center center","background-size":"auto","background-attachment":"scroll","background-type":"","background-media":"","overlay-type":"","overlay-color":"","overlay-opacity":"","overlay-gradient":""},"tablet":{"background-color":"var(--ast-global-color-5)","background-image":"","background-repeat":"repeat","background-position":"center center","background-size":"auto","background-attachment":"scroll","background-type":"","background-media":"","overlay-type":"","overlay-color":"","overlay-opacity":"","overlay-gradient":""},"mobile":{"background-color":"var(--ast-global-color-5)","background-image":"","background-repeat":"repeat","background-position":"center center","background-size":"auto","background-attachment":"scroll","background-type":"","background-media":"","overlay-type":"","overlay-color":"","overlay-opacity":"","overlay-gradient":""}}},"product_brand":[],"product_cat":[22],"product_tag":[20,18,26,21],"class_list":{"0":"post-204","1":"product","2":"type-product","3":"status-publish","4":"has-post-thumbnail","6":"product_cat-sensitive-skintype","7":"product_tag-anti-aging","8":"product_tag-natural-skincare","9":"product_tag-sensitive-skintype","10":"product_tag-wet-wipes","11":"desktop-align-left","12":"tablet-align-left","13":"mobile-align-left","15":"first","16":"outofstock","17":"taxable","18":"shipping-taxable","19":"product-type-simple"},"acf":[],"_links":{"self":[{"href":"https:\/\/nordicgoods.eu\/et\/wp-json\/wp\/v2\/product\/204","targetHints":{"allow":["GET"]}}],"collection":[{"href":"https:\/\/nordicgoods.eu\/et\/wp-json\/wp\/v2\/product"}],"about":[{"href":"https:\/\/nordicgoods.eu\/et\/wp-json\/wp\/v2\/types\/product"}],"wp:featuredmedia":[{"embeddable":true,"href":"https:\/\/nordicgoods.eu\/et\/wp-json\/wp\/v2\/media\/251"}],"wp:attachment":[{"href":"https:\/\/nordicgoods.eu\/et\/wp-json\/wp\/v2\/media?parent=204"}],"wp:term":[{"taxonomy":"product_brand","embeddable":true,"href":"https:\/\/nordicgoods.eu\/et\/wp-json\/wp\/v2\/product_brand?post=204"},{"taxonomy":"product_cat","embeddable":true,"href":"https:\/\/nordicgoods.eu\/et\/wp-json\/wp\/v2\/product_cat?post=204"},{"taxonomy":"product_tag","embeddable":true,"href":"https:\/\/nordicgoods.eu\/et\/wp-json\/wp\/v2\/product_tag?post=204"}],"curies":[{"name":"wp","href":"https:\/\/api.w.org\/{rel}","templated":true}]}}