{"id":757,"date":"2021-12-01T19:54:53","date_gmt":"2021-12-01T19:54:53","guid":{"rendered":"https:\/\/nordicgoods.eu\/?post_type=product&#038;p=757"},"modified":"2026-01-14T18:50:45","modified_gmt":"2026-01-14T18:50:45","slug":"rabaliko-skincare-gift-bag-with-3-items-skincare-tonics-for-normal-and-sensitive-skintype-and-package-of-wet-wipes","status":"publish","type":"product","link":"https:\/\/nordicgoods.eu\/et\/shop\/rabaliko-skincare-gift-bag-with-3-items-skincare-tonics-for-normal-and-sensitive-skintype-and-package-of-wet-wipes\/","title":{"rendered":"Rabalik\u00f5 nahahooldus kingikott 3 tootega - Nahatoonik, nahatoonik tundlikule nahale ja niisked salvr\u00e4tikud"},"content":{"rendered":"<p>Rabalik\u00f5 Rabavee nahatoonik normaalsele ja tundlikule nahat\u00fc\u00fcbile 2x100ml pudelis.<br \/>\nRabalik\u00f5 Rabavee nahatoonik puhastab, niisutab ja v\u00e4rskendab teie nahka.<br \/>\npH &lt; 5,5 and for sensitive pH &lt; 6,5<\/p>\n<p>Toode on vaba parabeenidest, silikoonidest, mineraal\u00f5lidest, PEG -dest, s\u00fcnteetilistest l\u00f5hna- ja<br \/>\nv\u00e4rvainetest. Alkoholi pole lisatud.<br \/>\nKoostis: 99,5% Bioloogiline Rabavesi (k\u00f5ik looduslikud koostisosad: Humiin- ja fulvohapped, steroolid,<br \/>\nrasvhapped ja mineraalid).<br \/>\nToode on mikrobioloogiliselt ja dermatoloogiliselt testitud.<br \/>\nToode on m\u00f5eldud ainult v\u00e4lispidiseks kasutamiseks.<\/p>","protected":false},"excerpt":{"rendered":"<p>Rabavee nahatoonikud normaalsele ja tundlikule nahat\u00fc\u00fcbile 2x100ml.<br \/>\nRabalik\u00f5 Rabavee nahatoonik puhastab, niisutab ja v\u00e4rskendab teie nahka.<br \/>\nTootel on antipakteriaalne toime. pH tase &lt;5,5, tundlikule nahat\u00fc\u00fcbi tootele pH&lt; 6,5<br \/>\nFiltreeritud naturaalne rabavesi.<\/p>","protected":false},"featured_media":756,"template":"","meta":{"_acf_changed":false,"site-sidebar-layout":"default","site-content-layout":"default","ast-site-content-layout":"default","site-content-style":"default","site-sidebar-style":"default","ast-global-header-display":"","ast-banner-title-visibility":"","ast-main-header-display":"","ast-hfb-above-header-display":"","ast-hfb-below-header-display":"","ast-hfb-mobile-header-display":"","site-post-title":"","ast-breadcrumbs-content":"","ast-featured-img":"","footer-sml-layout":"","ast-disable-related-posts":"","theme-transparent-header-meta":"default","adv-header-id-meta":"","stick-header-meta":"","header-above-stick-meta":"","header-main-stick-meta":"","header-below-stick-meta":"","astra-migrate-meta-layouts":"set","ast-page-background-enabled":"default","ast-page-background-meta":{"desktop":{"background-color":"","background-image":"","background-repeat":"repeat","background-position":"center center","background-size":"auto","background-attachment":"scroll","background-type":"","background-media":"","overlay-type":"","overlay-color":"","overlay-opacity":"","overlay-gradient":""},"tablet":{"background-color":"","background-image":"","background-repeat":"repeat","background-position":"center center","background-size":"auto","background-attachment":"scroll","background-type":"","background-media":"","overlay-type":"","overlay-color":"","overlay-opacity":"","overlay-gradient":""},"mobile":{"background-color":"","background-image":"","background-repeat":"repeat","background-position":"center center","background-size":"auto","background-attachment":"scroll","background-type":"","background-media":"","overlay-type":"","overlay-color":"","overlay-opacity":"","overlay-gradient":""}},"ast-content-background-meta":{"desktop":{"background-color":"var(--ast-global-color-5)","background-image":"","background-repeat":"repeat","background-position":"center center","background-size":"auto","background-attachment":"scroll","background-type":"","background-media":"","overlay-type":"","overlay-color":"","overlay-opacity":"","overlay-gradient":""},"tablet":{"background-color":"var(--ast-global-color-5)","background-image":"","background-repeat":"repeat","background-position":"center center","background-size":"auto","background-attachment":"scroll","background-type":"","background-media":"","overlay-type":"","overlay-color":"","overlay-opacity":"","overlay-gradient":""},"mobile":{"background-color":"var(--ast-global-color-5)","background-image":"","background-repeat":"repeat","background-position":"center center","background-size":"auto","background-attachment":"scroll","background-type":"","background-media":"","overlay-type":"","overlay-color":"","overlay-opacity":"","overlay-gradient":""}}},"product_brand":[],"product_cat":[17,22],"product_tag":[20,19,18,36,21],"class_list":{"0":"post-757","1":"product","2":"type-product","3":"status-publish","4":"has-post-thumbnail","6":"product_cat-normal-skintype","7":"product_cat-sensitive-skintype","8":"product_tag-anti-aging","9":"product_tag-facial-tonic","10":"product_tag-natural-skincare","11":"product_tag-skincare-tonic","12":"product_tag-wet-wipes","13":"desktop-align-left","14":"tablet-align-left","15":"mobile-align-left","17":"first","18":"outofstock","19":"taxable","20":"shipping-taxable","21":"product-type-simple"},"acf":[],"_links":{"self":[{"href":"https:\/\/nordicgoods.eu\/et\/wp-json\/wp\/v2\/product\/757","targetHints":{"allow":["GET"]}}],"collection":[{"href":"https:\/\/nordicgoods.eu\/et\/wp-json\/wp\/v2\/product"}],"about":[{"href":"https:\/\/nordicgoods.eu\/et\/wp-json\/wp\/v2\/types\/product"}],"wp:featuredmedia":[{"embeddable":true,"href":"https:\/\/nordicgoods.eu\/et\/wp-json\/wp\/v2\/media\/756"}],"wp:attachment":[{"href":"https:\/\/nordicgoods.eu\/et\/wp-json\/wp\/v2\/media?parent=757"}],"wp:term":[{"taxonomy":"product_brand","embeddable":true,"href":"https:\/\/nordicgoods.eu\/et\/wp-json\/wp\/v2\/product_brand?post=757"},{"taxonomy":"product_cat","embeddable":true,"href":"https:\/\/nordicgoods.eu\/et\/wp-json\/wp\/v2\/product_cat?post=757"},{"taxonomy":"product_tag","embeddable":true,"href":"https:\/\/nordicgoods.eu\/et\/wp-json\/wp\/v2\/product_tag?post=757"}],"curies":[{"name":"wp","href":"https:\/\/api.w.org\/{rel}","templated":true}]}}